{"id":10,"date":"2021-06-25T16:45:23","date_gmt":"2021-06-25T16:45:23","guid":{"rendered":"https:\/\/birajaconstruction.com\/?page_id=10"},"modified":"2023-03-11T03:45:07","modified_gmt":"2023-03-11T03:45:07","slug":"services","status":"publish","type":"page","link":"https:\/\/birajaconstruction.com\/index.php\/services\/","title":{"rendered":"Services"},"content":{"rendered":"\t\t<div data-elementor-type=\"wp-page\" data-elementor-id=\"10\" class=\"elementor elementor-10\" data-elementor-settings=\"[]\">\n\t\t\t\t\t\t\t<div class=\"elementor-section-wrap\">\n\t\t\t\t\t\t\t<section class=\"elementor-section elementor-top-section elementor-element elementor-element-5b0ea41 elementor-section-content-middle elementor-reverse-tablet elementor-reverse-mobile elementor-section-full_width elementor-section-height-default elementor-section-height-default\" data-id=\"5b0ea41\" data-element_type=\"section\" data-settings=\"{&quot;background_background&quot;:&quot;classic&quot;}\">\n\t\t\t\t\t\t\t<div class=\"elementor-background-overlay\"><\/div>\n\t\t\t\t\t\t\t<div class=\"elementor-container elementor-column-gap-no\">\n\t\t\t\t\t<div class=\"elementor-column elementor-col-100 elementor-top-column elementor-element elementor-element-dee02c4\" data-id=\"dee02c4\" data-element_type=\"column\">\n\t\t\t<div class=\"elementor-widget-wrap elementor-element-populated\">\n\t\t\t\t\t\t\t\t<div class=\"elementor-element elementor-element-d6eb20a elementor-widget elementor-widget-heading\" data-id=\"d6eb20a\" data-element_type=\"widget\" data-widget_type=\"heading.default\">\n\t\t\t\t<div class=\"elementor-widget-container\">\n\t\t\t<h2 class=\"elementor-heading-title elementor-size-default\">Sweet Bonanza demo<\/h2>\t\t<\/div>\n\t\t\t\t<\/div>\n\t\t\t\t<div class=\"elementor-element elementor-element-02e7da1 elementor-widget-divider--view-line elementor-widget elementor-widget-divider\" data-id=\"02e7da1\" data-element_type=\"widget\" data-widget_type=\"divider.default\">\n\t\t\t\t<div class=\"elementor-widget-container\">\n\t\t\t\t\t<div class=\"elementor-divider\">\n\t\t\t<span class=\"elementor-divider-separator\">\n\t\t\t\t\t\t<\/span>\n\t\t<\/div>\n\t\t\t\t<\/div>\n\t\t\t\t<\/div>\n\t\t\t\t\t<\/div>\n\t\t<\/div>\n\t\t\t\t\t\t\t<\/div>\n\t\t<\/section>\n\t\t\t\t<section class=\"elementor-section elementor-top-section elementor-element elementor-element-11f2b7c elementor-section-content-top elementor-section-boxed elementor-section-height-default elementor-section-height-default\" data-id=\"11f2b7c\" data-element_type=\"section\">\n\t\t\t\t\t\t<div class=\"elementor-container elementor-column-gap-no\">\n\t\t\t\t\t<div class=\"elementor-column elementor-col-100 elementor-top-column elementor-element elementor-element-b33b464\" data-id=\"b33b464\" data-element_type=\"column\">\n\t\t\t<div class=\"elementor-widget-wrap elementor-element-populated\">\n\t\t\t\t\t\t\t\t<div class=\"elementor-element elementor-element-ab5cb7a elementor-widget elementor-widget-text-editor\" data-id=\"ab5cb7a\" data-element_type=\"widget\" data-widget_type=\"text-editor.default\">\n\t\t\t\t<div class=\"elementor-widget-container\">\n\t\t\t\t\t\t\t\t<h1>Sp\u0113l\u0113jiet sp\u0113\u013cu autom\u0101tu The Sweet Bonanza demo sp\u0113li: bezmaksas sp\u0113\u013cu autom\u0101ti no Pragmatic Play<\/h1>\n\n<p>Sp\u0113\u013cu autom\u0101ti ir viena no popul\u0101r\u0101kaj\u0101m sp\u0113l\u0113m, kas jebkad rad\u012btas. Tie pied\u0101v\u0101 perfektu veiksmes un strat\u0113\u0123ijas kombin\u0101ciju, lai sniegtu sp\u0113l\u0113t\u0101jiem iesp\u0113ju g\u016bt lielus laimestus. Uz\u0146\u0113mum\u0101 Pragmatic Play m\u0113s saprotam, ka sp\u0113\u013cu autom\u0101tu sp\u0113l\u0113\u0161ana ir ne tikai jautra, bet ar\u012b pat\u012bkama pieredze. T\u0101p\u0113c m\u0113s saviem sp\u0113l\u0113t\u0101jiem katru dienu pied\u0101v\u0101jam daudz bezmaksas sp\u0113\u013cu autom\u0101tu, k\u0101 ar\u012b demonstr\u0101cijas sp\u0113les, lai j\u016bs var\u0113tu izm\u0113\u0123in\u0101t jaunus sp\u0113\u013cu autom\u0101tus pirms der\u012bbas uz tiem. Ja mekl\u0113jat bezmaksas sp\u0113\u013cu autom\u0101tus, ir v\u0113rts apskat\u012bt <b>sp\u0113li Sweet Bonanza<\/b>. T\u0101 ir demonstr\u0101cijas sp\u0113le, kuru varat sp\u0113l\u0113t bez maksas sav\u0101 dator\u0101 vai mobilaj\u0101 ier\u012bc\u0113. T\u0101tad, ja v\u0113laties jautri pavad\u012bt laiku un laim\u0113t naudu, apskatiet \u0161o lielisko sp\u0113li jau \u0161odien!<\/p>\n\n<h2>Bezmaksas demo sp\u0113\u013cu autom\u0101tu sp\u0113le kazino<\/h2>\n<p>Ja mekl\u0113jat jautru veidu, k\u0101 pavad\u012bt laiku un laim\u0113t naudu, apskatiet sp\u0113li <a href=\"https:\/\/kadinlaricin.net\/\">Sweet Bonanza<\/a>. T\u0101 ir bezmaksas demonstr\u0101cijas sp\u0113le, kuru varat sp\u0113l\u0113t dator\u0101 vai mobilaj\u0101 ier\u012bc\u0113. Varat to viegli atrast, noklik\u0161\u0137inot \u0161eit un atska\u0146ojot to jau \u0161odien!<\/p>\n\n<h3>Sp\u0113l\u0113jiet bez maksas vai veiciet likmes uz \u012bstu naudu?<\/h3>\n<p>Ja mekl\u0113jat jautru, neform\u0101lu sp\u0113li, ko sp\u0113l\u0113t, gaidot pie \u0101rsta kabineta vai rind\u0101 pie p\u0101rtikas pre\u010du veikala, tad ir v\u0113rts apskat\u012bt <b>Sweet Bonanza sp\u0113\u013cu autom\u0101ta demonstr\u0101ciju<\/b>. . Ja jums tas pat\u012bk un v\u0113laties sp\u0113l\u0113t uz \u012bstu naudu, dodieties uz m\u016bsu tie\u0161saistes kazino vietni un s\u0101ciet sp\u0113l\u0113t jau \u0161odien.<\/p>\n\n<h4>Priek\u0161roc\u012bbas un m\u012bnusi, sp\u0113l\u0113jot sp\u0113\u013cu autom\u0101tus bez maksas<\/h4>\n<p>Sp\u0113\u013cu autom\u0101tu sp\u0113l\u0113\u0161anai bez maksas ir da\u017ei plusi un m\u012bnusi. Liel\u0101kais pluss ir tas, ka varat sp\u0113l\u0113t un laim\u0113t, neizt\u0113r\u0113jot ne sant\u012bma. Jums nav tikai j\u0101atrod sp\u0113\u013cu autom\u0101ts j\u016bsu viet\u0113j\u0101 kazino. <b>Sp\u0113\u013cu autom\u0101ti<\/b> ir pieejami tie\u0161saist\u0113 un mobilaj\u0101s lietotn\u0113s, lai j\u016bs var\u0113tu sp\u0113l\u0113t, kad jums ir laiks vai atrodoties ce\u013c\u0101. Bezmaksas sp\u0113\u013cu autom\u0101tu sp\u0113l\u0113\u0161anai nav re\u0101lu ierobe\u017eojumu, kas nov\u0113r\u0161 jebk\u0101das ba\u017eas par nepiecie\u0161am\u012bbu t\u0113r\u0113t naudu, lai tos izbaud\u012btu.<\/p>\n\n<p><iframe loading=\"lazy\" width=\"560\" height=\"315\" src=\"https:\/\/www.youtube.com\/embed\/gzkneZL3_EA\" title=\"YouTube video atska\u0146ot\u0101js\" frameborder=\"0\" allow=\"akselerometrs; autom\u0101tiska atska\u0146o\u0161ana ; starpliktuves-rakst\u012b\u0161ana; \u0161ifr\u0113ta multivide; \u017eiroskops; att\u0113ls att\u0113l\u0101; kop\u012bgo\u0161ana t\u012bmekl\u012b\" allowfullscreen><\/iframe><\/p>\n\n<p>Bezmaksas sp\u0113\u013cu autom\u0101tu negat\u012bvie aspekti ir t\u0101di, ka ne vienm\u0113r ir garantija, ka laim\u0113siet kaut ko noz\u012bm\u012bgu. Ja v\u0113laties uzvar\u0113t sp\u0113\u013cu autom\u0101tos, ir svar\u012bgi saprast, k\u0101 tie darbojas, lai j\u016bs net\u0113r\u0113tu savu laiku, ja izredzes ir pret jums. Demonstr\u0101cijas sp\u0113l\u0113m, piem\u0113ram, Sweet Bonanza, parasti ir \u012bsas izmaksas, ta\u010du tas ne vienm\u0113r padara t\u0101s par slikt\u0101m sp\u0113l\u0113m. T\u0101tad, ja \u0161odien mekl\u0113jat kaut ko jautru, piesakieties un izm\u0113\u0123iniet da\u017eus jaukus sp\u0113\u013cu autom\u0101tus no <b>Pragmatic Play<\/b>!<\/p>\n\n<b>Bezmaksas sp\u0113l\u0113jiet Sweet Bonanza sp\u0113\u013cu autom\u0101ta demonstr\u0101cijas sp\u0113li<\/b>\n<p>Ja v\u0113laties izm\u0113\u0123in\u0101t jaunus sp\u0113\u013cu autom\u0101tus, nav lab\u0101kas sp\u0113les par Sweet Bonanza slotu demo sp\u0113li. T\u0101 ir demonstr\u0101cijas sp\u0113le, kuru varat sp\u0113l\u0113t dator\u0101 vai mobilaj\u0101 ier\u012bc\u0113. \u0160aj\u0101 slot\u0101 ir daudz da\u017e\u0101du t\u0113mu, tostarp saldie, \u0137ir\u0161i un citas! Ja jums pat\u012bk sp\u0113l\u0113t sp\u0113\u013cu autom\u0101tus, noteikti ir v\u0113rts to p\u0101rbaud\u012bt.<\/p>\n\n<p>Bet pagaidiet, ir v\u0113l vair\u0101k! Varat ar\u012b sp\u0113l\u0113t bez maksas \u0161aj\u0101 Sweet Bonanza slota <b>demonstr\u0101cijas versij\u0101<\/b>. Viss, kas jums j\u0101dara, ir noklik\u0161\u0137iniet uz pogas \u201cPlay Demo Now\u201d lapas aug\u0161da\u013c\u0101 un izbaudiet sp\u0113li bez maksas! T\u0101p\u0113c, ja jums pat\u012bk sp\u0113\u013cu autom\u0101ti vai vienk\u0101r\u0161i v\u0113laties for\u0161\u0101 veid\u0101 pavad\u012bt laiku un laim\u0113t naudu, izm\u0113\u0123iniet \u0161o sp\u0113li jau \u0161odien!<\/p>\n\n<b>K\u0101 sp\u0113l\u0113t uz \u012bstu naudu \u0161aj\u0101 sp\u0113l\u0113 Sweet Bonanza?<\/b>\n<p>Ja v\u0113laties sp\u0113l\u0113t Sweet Bonanza sp\u0113\u013cu autom\u0101tus par \u012bstu naudu, varat doties uz Pragmatic Play vietni un s\u0101kt sp\u0113l\u0113t. \u0160\u012b sp\u0113le ir ne tikai jautra, bet ar\u012b pied\u0101v\u0101 lielu laimestu.<\/p>\n\n<b>K\u0101 laim\u0113t Sweet Bonanza?<\/b>\n<p>Sp\u0113li ir viegli saprast un sp\u0113l\u0113t. Pirmoreiz start\u0113jot, jums b\u016bs j\u0101uzliek likmes uz mon\u0113t\u0101m. Minim\u0101l\u0101 pras\u012bba par mon\u0113t\u0101m ir 0,25\u00a0mon\u0113tas, maksim\u0101li <b>2\u00a0mon\u0113tas vien\u0101 rind\u0101<\/b>. Ja jums paveicas, varat likt likmes l\u012bdz 5 mon\u0113t\u0101m katr\u0101 rind\u0101. Uzvaro\u0161\u0101 kombin\u0101cija par\u0101d\u012bsies ekr\u0101n\u0101 p\u0113c tam, kad b\u016bs izveidotas tr\u012bs piln\u012bgas rindas. Ja var\u0113siet aizpild\u012bt \u0161\u012bs tr\u012bs rindi\u0146as ar S, B vai T simbolu, j\u016bs laim\u0113siet d\u017eekpota balvu!<\/p>\n\n<p>K\u0101 da\u013ca no m\u016bsu ap\u0146em\u0161an\u0101s nodro\u0161in\u0101t <b>sp\u0113l\u0113t\u0101jiem<\/b> lieliskas bezmaksas sp\u0113\u013cu autom\u0101tu sp\u0113les, kuras var baud\u012bt katru dienu, m\u0113s pied\u0101v\u0101jam daudzas demonstr\u0101cijas sp\u0113les, piem\u0113ram, Sweet Bonanza. Tas \u013cauj sp\u0113l\u0113t\u0101jiem izm\u0113\u0123in\u0101t \u0161os jaunos sp\u0113\u013cu autom\u0101tus, pirms vi\u0146i risk\u0113 ar re\u0101lu naudu. T\u0101tad, ja \u0161odien mekl\u0113jat k\u0101du jautru bezmaksas sp\u0113\u013cu autom\u0101tu darb\u012bbu, neaizmirstiet par sp\u0113li <b>Sweet Bonanza demo<\/b>!<\/p>\t\t\t\t\t\t<\/div>\n\t\t\t\t<\/div>\n\t\t\t\t\t<\/div>\n\t\t<\/div>\n\t\t\t\t\t\t\t<\/div>\n\t\t<\/section>\n\t\t\t\t\t\t<\/div>\n\t\t\t\t\t<\/div>\n\t\t","protected":false},"excerpt":{"rendered":"<p>Sweet Bonanza demo Sp\u0113l\u0113jiet sp\u0113\u013cu autom\u0101tu The Sweet Bonanza demo sp\u0113li: bezmaksas sp\u0113\u013cu autom\u0101ti no Pragmatic Play Sp\u0113\u013cu autom\u0101ti ir viena no popul\u0101r\u0101kaj\u0101m sp\u0113l\u0113m, kas jebkad rad\u012btas. Tie pied\u0101v\u0101 perfektu veiksmes un strat\u0113\u0123ijas kombin\u0101ciju, lai sniegtu sp\u0113l\u0113t\u0101jiem iesp\u0113ju g\u016bt lielus laimestus. Uz\u0146\u0113mum\u0101 Pragmatic Play m\u0113s saprotam, ka sp\u0113\u013cu autom\u0101tu sp\u0113l\u0113\u0161ana ir ne tikai jautra, bet [&hellip;]<\/p>\n","protected":false},"author":1,"featured_media":0,"parent":0,"menu_order":0,"comment_status":"closed","ping_status":"closed","template":"","meta":[],"_links":{"self":[{"href":"https:\/\/birajaconstruction.com\/index.php\/wp-json\/wp\/v2\/pages\/10"}],"collection":[{"href":"https:\/\/birajaconstruction.com\/index.php\/wp-json\/wp\/v2\/pages"}],"about":[{"href":"https:\/\/birajaconstruction.com\/index.php\/wp-json\/wp\/v2\/types\/page"}],"author":[{"embeddable":true,"href":"https:\/\/birajaconstruction.com\/index.php\/wp-json\/wp\/v2\/users\/1"}],"replies":[{"embeddable":true,"href":"https:\/\/birajaconstruction.com\/index.php\/wp-json\/wp\/v2\/comments?post=10"}],"version-history":[{"count":28,"href":"https:\/\/birajaconstruction.com\/index.php\/wp-json\/wp\/v2\/pages\/10\/revisions"}],"predecessor-version":[{"id":210,"href":"https:\/\/birajaconstruction.com\/index.php\/wp-json\/wp\/v2\/pages\/10\/revisions\/210"}],"wp:attachment":[{"href":"https:\/\/birajaconstruction.com\/index.php\/wp-json\/wp\/v2\/media?parent=10"}],"curies":[{"name":"wp","href":"https:\/\/api.w.org\/{rel}","templated":true}]}}